{"id":38,"date":"2025-11-03T14:01:39","date_gmt":"2025-11-03T13:01:39","guid":{"rendered":"https:\/\/clinicaesteticamar43.com\/?page_id=38"},"modified":"2026-02-02T12:56:48","modified_gmt":"2026-02-02T11:56:48","slug":"contacta","status":"publish","type":"page","link":"https:\/\/clinicaesteticamar43.com\/en\/contacta\/","title":{"rendered":"Contacta"},"content":{"rendered":"\t\t<div data-elementor-type=\"wp-page\" data-elementor-id=\"38\" class=\"elementor elementor-38\" data-elementor-post-type=\"page\">\n\t\t\t\t<div class=\"elementor-element elementor-element-3a0f604 e-flex e-con-boxed e-con e-parent\" data-id=\"3a0f604\" data-element_type=\"container\" data-e-type=\"container\" data-settings=\"{&quot;background_background&quot;:&quot;classic&quot;}\">\n\t\t\t\t\t<div class=\"e-con-inner\">\n\t\t<div class=\"elementor-element elementor-element-3044309 e-flex e-con-boxed e-con e-child\" data-id=\"3044309\" data-element_type=\"container\" data-e-type=\"container\">\n\t\t\t\t\t<div class=\"e-con-inner\">\n\t\t\t\t<div class=\"elementor-element elementor-element-eeba79c elementor-widget elementor-widget-heading\" data-id=\"eeba79c\" data-element_type=\"widget\" data-e-type=\"widget\" data-widget_type=\"heading.default\">\n\t\t\t\t\t<h1 class=\"elementor-heading-title elementor-size-default\">Estamos aqu\u00ed para ayudarte<\/h1>\t\t\t\t<\/div>\n\t\t\t\t<div class=\"elementor-element elementor-element-793c294 elementor-widget elementor-widget-heading\" data-id=\"793c294\" data-element_type=\"widget\" data-e-type=\"widget\" data-widget_type=\"heading.default\">\n\t\t\t\t\t<h2 class=\"elementor-heading-title elementor-size-default\">Contacta con nuestra cl\u00ednica est\u00e9tica en Valencia<\/h2>\t\t\t\t<\/div>\n\t\t\t\t\t<\/div>\n\t\t\t\t<\/div>\n\t\t\t\t\t<\/div>\n\t\t\t\t<\/div>\n\t\t<div class=\"elementor-element elementor-element-41f596ec e-flex e-con-boxed e-con e-parent\" data-id=\"41f596ec\" data-element_type=\"container\" data-e-type=\"container\" data-settings=\"{&quot;background_background&quot;:&quot;classic&quot;}\">\n\t\t\t\t\t<div class=\"e-con-inner\">\n\t\t<div class=\"elementor-element elementor-element-5f0c9d67 e-con-full e-flex e-con e-child\" data-id=\"5f0c9d67\" data-element_type=\"container\" data-e-type=\"container\">\n\t\t\t\t<div class=\"elementor-element elementor-element-3fb21a8b elementor-widget elementor-widget-heading\" data-id=\"3fb21a8b\" data-element_type=\"widget\" data-e-type=\"widget\" data-widget_type=\"heading.default\">\n\t\t\t\t\t<h4 class=\"elementor-heading-title elementor-size-default\">Pide tu cita o consulta<\/h4>\t\t\t\t<\/div>\n\t\t\t\t<div class=\"elementor-element elementor-element-576c407 elementor-widget elementor-widget-heading\" data-id=\"576c407\" data-element_type=\"widget\" data-e-type=\"widget\" data-widget_type=\"heading.default\">\n\t\t\t\t\t<h3 class=\"elementor-heading-title elementor-size-default\">Hablemos sobre tu piel y tus objetivos<\/h3>\t\t\t\t<\/div>\n\t\t\t\t<div class=\"elementor-element elementor-element-a100eae elementor-widget elementor-widget-heading\" data-id=\"a100eae\" data-element_type=\"widget\" data-e-type=\"widget\" data-widget_type=\"heading.default\">\n\t\t\t\t\t<div class=\"elementor-heading-title elementor-size-default\">Nuestro equipo estar\u00e1 encantado de asesorarte y recomendarte el tratamiento m\u00e1s adecuado para ti. Puedes escribirnos, llamarnos o visitarnos en nuestra cl\u00ednica. Te esperamos.<\/div>\t\t\t\t<\/div>\n\t\t\t\t<div class=\"elementor-element elementor-element-7b235be6 elementor-view-stacked elementor-shape-rounded elementor-position-inline-start elementor-mobile-position-inline-start elementor-widget elementor-widget-icon-box\" data-id=\"7b235be6\" data-element_type=\"widget\" data-e-type=\"widget\" data-widget_type=\"icon-box.default\">\n\t\t\t\t\t\t\t<div class=\"elementor-icon-box-wrapper\">\n\n\t\t\t\t\t\t<div class=\"elementor-icon-box-icon\">\n\t\t\t\t<span  class=\"elementor-icon\">\n\t\t\t\t<i aria-hidden=\"true\" class=\"icon icon-map-marker1\"><\/i>\t\t\t\t<\/span>\n\t\t\t<\/div>\n\t\t\t\n\t\t\t\t\t\t<div class=\"elementor-icon-box-content\">\n\n\t\t\t\t\t\t\t\t\t<div class=\"elementor-icon-box-title\">\n\t\t\t\t\t\t<span  >\n\t\t\t\t\t\t\tNuestra oficina\t\t\t\t\t\t<\/span>\n\t\t\t\t\t<\/div>\n\t\t\t\t\n\t\t\t\t\t\t\t\t\t<p class=\"elementor-icon-box-description\">\n\t\t\t\t\t\tC\/ Gobernador Viejo, 4\n46003 Valencia \u2022 Valencia (Espa\u00f1a)\t\t\t\t\t<\/p>\n\t\t\t\t\n\t\t\t<\/div>\n\t\t\t\n\t\t<\/div>\n\t\t\t\t\t\t<\/div>\n\t\t\t\t<div class=\"elementor-element elementor-element-75c596b3 elementor-view-stacked elementor-shape-rounded elementor-position-inline-start elementor-mobile-position-inline-start elementor-widget elementor-widget-icon-box\" data-id=\"75c596b3\" data-element_type=\"widget\" data-e-type=\"widget\" data-widget_type=\"icon-box.default\">\n\t\t\t\t\t\t\t<div class=\"elementor-icon-box-wrapper\">\n\n\t\t\t\t\t\t<div class=\"elementor-icon-box-icon\">\n\t\t\t\t<span  class=\"elementor-icon\">\n\t\t\t\t<i aria-hidden=\"true\" class=\"lnr lnr-envelope\"><\/i>\t\t\t\t<\/span>\n\t\t\t<\/div>\n\t\t\t\n\t\t\t\t\t\t<div class=\"elementor-icon-box-content\">\n\n\t\t\t\t\t\t\t\t\t<div class=\"elementor-icon-box-title\">\n\t\t\t\t\t\t<span  >\n\t\t\t\t\t\t\tEmail\t\t\t\t\t\t<\/span>\n\t\t\t\t\t<\/div>\n\t\t\t\t\n\t\t\t\t\t\t\t\t\t<p class=\"elementor-icon-box-description\">\n\t\t\t\t\t\tclinicaesteticamar43@gmail.com\t\t\t\t\t<\/p>\n\t\t\t\t\n\t\t\t<\/div>\n\t\t\t\n\t\t<\/div>\n\t\t\t\t\t\t<\/div>\n\t\t\t\t<div class=\"elementor-element elementor-element-6075570e elementor-view-stacked elementor-shape-rounded elementor-position-inline-start elementor-mobile-position-inline-start elementor-widget elementor-widget-icon-box\" data-id=\"6075570e\" data-element_type=\"widget\" data-e-type=\"widget\" data-widget_type=\"icon-box.default\">\n\t\t\t\t\t\t\t<div class=\"elementor-icon-box-wrapper\">\n\n\t\t\t\t\t\t<div class=\"elementor-icon-box-icon\">\n\t\t\t\t<span  class=\"elementor-icon\">\n\t\t\t\t<i aria-hidden=\"true\" class=\"icon icon-phone-call\"><\/i>\t\t\t\t<\/span>\n\t\t\t<\/div>\n\t\t\t\n\t\t\t\t\t\t<div class=\"elementor-icon-box-content\">\n\n\t\t\t\t\t\t\t\t\t<div class=\"elementor-icon-box-title\">\n\t\t\t\t\t\t<span  >\n\t\t\t\t\t\t\tHablemos\t\t\t\t\t\t<\/span>\n\t\t\t\t\t<\/div>\n\t\t\t\t\n\t\t\t\t\t\t\t\t\t<p class=\"elementor-icon-box-description\">\n\t\t\t\t\t\t96 009 47 09\t\t\t\t\t<\/p>\n\t\t\t\t\n\t\t\t<\/div>\n\t\t\t\n\t\t<\/div>\n\t\t\t\t\t\t<\/div>\n\t\t\t\t<\/div>\n\t\t<div class=\"elementor-element elementor-element-317d4476 e-con-full e-flex e-con e-child\" data-id=\"317d4476\" data-element_type=\"container\" data-e-type=\"container\" data-settings=\"{&quot;background_background&quot;:&quot;classic&quot;}\">\n\t\t\t\t<div class=\"elementor-element elementor-element-4457cfd7 elementor-widget elementor-widget-heading\" data-id=\"4457cfd7\" data-element_type=\"widget\" data-e-type=\"widget\" data-widget_type=\"heading.default\">\n\t\t\t\t\t<h3 class=\"elementor-heading-title elementor-size-default\">Contacta hoy mismo a nuestro equipo<\/h3>\t\t\t\t<\/div>\n\t\t\t\t<div class=\"elementor-element elementor-element-1a4a295d elementor-widget elementor-widget-heading\" data-id=\"1a4a295d\" data-element_type=\"widget\" data-e-type=\"widget\" data-widget_type=\"heading.default\">\n\t\t\t\t\t<div class=\"elementor-heading-title elementor-size-default\">D\u00e9janos tus datos y nos pondremos en contacto contigo lo antes posible para ayudarte y resolver tus dudas. Estamos aqu\u00ed para cuidarte.<\/div>\t\t\t\t<\/div>\n\t\t\t\t<div class=\"elementor-element elementor-element-f8e9161 elementor-button-align-stretch elementor-widget elementor-widget-form\" data-id=\"f8e9161\" data-element_type=\"widget\" data-e-type=\"widget\" data-settings=\"{&quot;step_next_label&quot;:&quot;Next&quot;,&quot;step_previous_label&quot;:&quot;Previous&quot;,&quot;step_type&quot;:&quot;number_text&quot;,&quot;step_icon_shape&quot;:&quot;circle&quot;}\" data-widget_type=\"form.default\">\n\t\t\t\t\t\t\t<form class=\"elementor-form\" method=\"post\" name=\"New Form\" aria-label=\"New Form\">\n\t\t\t<input type=\"hidden\" name=\"post_id\" value=\"38\"\/>\n\t\t\t<input type=\"hidden\" name=\"form_id\" value=\"f8e9161\"\/>\n\t\t\t<input type=\"hidden\" name=\"referer_title\" value=\"Contacta - Cl\u00ednica Est\u00e9tica Mar 43 (Valencia)\" \/>\n\n\t\t\t\t\t\t\t<input type=\"hidden\" name=\"queried_id\" value=\"38\"\/>\n\t\t\t\n\t\t\t<div class=\"elementor-form-fields-wrapper elementor-labels-above\">\n\t\t\t\t\t\t\t\t<div class=\"elementor-field-type-text elementor-field-group elementor-column elementor-field-group-name elementor-col-50\">\n\t\t\t\t\t\t\t\t\t\t\t\t<label for=\"form-field-name\" class=\"elementor-field-label\">\n\t\t\t\t\t\t\t\tNombre\t\t\t\t\t\t\t<\/label>\n\t\t\t\t\t\t\t\t\t\t\t\t\t\t<input size=\"1\" type=\"text\" name=\"form_fields[name]\" id=\"form-field-name\" class=\"elementor-field elementor-size-sm  elementor-field-textual\" placeholder=\"Nombre\">\n\t\t\t\t\t\t\t\t\t\t\t<\/div>\n\t\t\t\t\t\t\t\t<div class=\"elementor-field-type-number elementor-field-group elementor-column elementor-field-group-field_3c0fdb9 elementor-col-50\">\n\t\t\t\t\t\t\t\t\t\t\t\t<label for=\"form-field-field_3c0fdb9\" class=\"elementor-field-label\">\n\t\t\t\t\t\t\t\tTel\u00e9fono\t\t\t\t\t\t\t<\/label>\n\t\t\t\t\t\t\t\t\t<input type=\"number\" name=\"form_fields[field_3c0fdb9]\" id=\"form-field-field_3c0fdb9\" class=\"elementor-field elementor-size-sm  elementor-field-textual\" placeholder=\"Tel\u00e9fono\" min=\"\" max=\"\" >\n\t\t\t\t\t\t<\/div>\n\t\t\t\t\t\t\t\t<div class=\"elementor-field-type-email elementor-field-group elementor-column elementor-field-group-email elementor-col-50 elementor-field-required\">\n\t\t\t\t\t\t\t\t\t\t\t\t<label for=\"form-field-email\" class=\"elementor-field-label\">\n\t\t\t\t\t\t\t\tEmail\t\t\t\t\t\t\t<\/label>\n\t\t\t\t\t\t\t\t\t\t\t\t\t\t<input size=\"1\" type=\"email\" name=\"form_fields[email]\" id=\"form-field-email\" class=\"elementor-field elementor-size-sm  elementor-field-textual\" placeholder=\"Email\" required=\"required\">\n\t\t\t\t\t\t\t\t\t\t\t<\/div>\n\t\t\t\t\t\t\t\t<div class=\"elementor-field-type-select elementor-field-group elementor-column elementor-field-group-field_5dbfeb3 elementor-col-50 elementor-field-required\">\n\t\t\t\t\t\t\t\t\t\t\t\t<label for=\"form-field-field_5dbfeb3\" class=\"elementor-field-label\">\n\t\t\t\t\t\t\t\tServicio\t\t\t\t\t\t\t<\/label>\n\t\t\t\t\t\t\t\t<div class=\"elementor-field elementor-select-wrapper remove-before \">\n\t\t\t<div class=\"select-caret-down-wrapper\">\n\t\t\t\t<svg aria-hidden=\"true\" class=\"e-font-icon-svg e-eicon-caret-down\" viewBox=\"0 0 571.4 571.4\" xmlns=\"http:\/\/www.w3.org\/2000\/svg\"><path d=\"M571 393Q571 407 561 418L311 668Q300 679 286 679T261 668L11 418Q0 407 0 393T11 368 36 357H536Q550 357 561 368T571 393Z\"><\/path><\/svg>\t\t\t<\/div>\n\t\t\t<select name=\"form_fields[field_5dbfeb3]\" id=\"form-field-field_5dbfeb3\" class=\"elementor-field-textual elementor-size-sm\" required=\"required\">\n\t\t\t\t\t\t\t\t\t<option value=\"-- Sin seleccionar --\">-- Sin seleccionar --<\/option>\n\t\t\t\t\t\t\t\t\t<option value=\"B\u00f3tox\">B\u00f3tox<\/option>\n\t\t\t\t\t\t\t\t\t<option value=\"Manchas\">Manchas<\/option>\n\t\t\t\t\t\t\t\t\t<option value=\"Mesoterapia Corporal\">Mesoterapia Corporal<\/option>\n\t\t\t\t\t\t\t\t\t<option value=\"Fotorrejuvenecimiento Facial\">Fotorrejuvenecimiento Facial<\/option>\n\t\t\t\t\t\t\t\t\t<option value=\"Relleno Arrugas y Vitaminas\">Relleno Arrugas y Vitaminas<\/option>\n\t\t\t\t\t\t\t<\/select>\n\t\t<\/div>\n\t\t\t\t\t\t<\/div>\n\t\t\t\t\t\t\t\t<div class=\"elementor-field-type-textarea elementor-field-group elementor-column elementor-field-group-message elementor-col-100\">\n\t\t\t\t\t\t\t\t\t\t\t\t<label for=\"form-field-message\" class=\"elementor-field-label\">\n\t\t\t\t\t\t\t\tCometario\t\t\t\t\t\t\t<\/label>\n\t\t\t\t\t\t<textarea class=\"elementor-field-textual elementor-field  elementor-size-sm\" name=\"form_fields[message]\" id=\"form-field-message\" rows=\"3\" placeholder=\"Cometario\"><\/textarea>\t\t\t\t<\/div>\n\t\t\t\t\t\t\t\t<div class=\"elementor-field-group elementor-column elementor-field-type-submit elementor-col-100 e-form__buttons\">\n\t\t\t\t\t<button class=\"elementor-button elementor-size-sm\" type=\"submit\">\n\t\t\t\t\t\t<span class=\"elementor-button-content-wrapper\">\n\t\t\t\t\t\t\t\t\t\t\t\t\t\t\t\t\t\t\t\t\t\t<span class=\"elementor-button-text\">Enviar consulta<\/span>\n\t\t\t\t\t\t\t\t\t\t\t\t\t<\/span>\n\t\t\t\t\t<\/button>\n\t\t\t\t<\/div>\n\t\t\t<\/div>\n\t\t<\/form>\n\t\t\t\t\t\t<\/div>\n\t\t\t\t<\/div>\n\t\t\t\t\t<\/div>\n\t\t\t\t<\/div>\n\t\t<div class=\"elementor-element elementor-element-abd43dd e-con-full e-flex e-con e-parent\" data-id=\"abd43dd\" data-element_type=\"container\" data-e-type=\"container\">\n\t\t\t\t<div class=\"elementor-element elementor-element-de8ff42 elementor-widget elementor-widget-google_maps\" data-id=\"de8ff42\" data-element_type=\"widget\" data-e-type=\"widget\" data-widget_type=\"google_maps.default\">\n\t\t\t\t\t\t\t<div class=\"elementor-custom-embed\">\n\t\t\t<iframe loading=\"lazy\"\n\t\t\t\t\tsrc=\"https:\/\/maps.google.com\/maps?q=Mar43%20Medicina%20Estetica%2C%20Espa%C3%B1a&#038;t=m&#038;z=15&#038;output=embed&#038;iwloc=near\"\n\t\t\t\t\ttitle=\"Mar43 Medicina Estetica, Espa\u00f1a\"\n\t\t\t\t\taria-label=\"Mar43 Medicina Estetica, Espa\u00f1a\"\n\t\t\t><\/iframe>\n\t\t<\/div>\n\t\t\t\t\t\t<\/div>\n\t\t\t\t<\/div>\n\t\t\t\t<\/div>\n\t\t","protected":false},"excerpt":{"rendered":"<p>Estamos aqu\u00ed para ayudarte Contacta con nuestra cl\u00ednica est\u00e9tica en Valencia Pide tu cita o consulta Hablemos sobre tu piel y tus objetivos Nuestro equipo estar\u00e1 encantado de asesorarte y recomendarte el tratamiento m\u00e1s adecuado para ti. Puedes escribirnos, llamarnos o visitarnos en nuestra cl\u00ednica. Te esperamos. Nuestra oficina C\/ Gobernador Viejo, 4 46003 Valencia [&hellip;]<\/p>\n","protected":false},"author":2,"featured_media":0,"parent":0,"menu_order":0,"comment_status":"closed","ping_status":"closed","template":"","meta":{"footnotes":""},"class_list":["post-38","page","type-page","status-publish","hentry"],"yoast_head":"<!-- This site is optimized with the Yoast SEO plugin v27.3 - https:\/\/yoast.com\/product\/yoast-seo-wordpress\/ -->\n<title>Contacta - Cl\u00ednica Est\u00e9tica Mar 43 (Valencia)<\/title>\n<meta name=\"robots\" content=\"index, follow, max-snippet:-1, max-image-preview:large, max-video-preview:-1\" \/>\n<link rel=\"canonical\" href=\"https:\/\/clinicaesteticamar43.com\/en\/contacta\/\" \/>\n<meta property=\"og:locale\" content=\"en_US\" \/>\n<meta property=\"og:type\" content=\"article\" \/>\n<meta property=\"og:title\" content=\"Contacta - Cl\u00ednica Est\u00e9tica Mar 43 (Valencia)\" \/>\n<meta property=\"og:description\" content=\"Estamos aqu\u00ed para ayudarte Contacta con nuestra cl\u00ednica est\u00e9tica en Valencia Pide tu cita o consulta Hablemos sobre tu piel y tus objetivos Nuestro equipo estar\u00e1 encantado de asesorarte y recomendarte el tratamiento m\u00e1s adecuado para ti. Puedes escribirnos, llamarnos o visitarnos en nuestra cl\u00ednica. Te esperamos. Nuestra oficina C\/ Gobernador Viejo, 4 46003 Valencia [&hellip;]\" \/>\n<meta property=\"og:url\" content=\"https:\/\/clinicaesteticamar43.com\/en\/contacta\/\" \/>\n<meta property=\"og:site_name\" content=\"Cl\u00ednica Est\u00e9tica Mar 43 (Valencia)\" \/>\n<meta property=\"article:modified_time\" content=\"2026-02-02T11:56:48+00:00\" \/>\n<meta name=\"twitter:card\" content=\"summary_large_image\" \/>\n<meta name=\"twitter:label1\" content=\"Est. reading time\" \/>\n\t<meta name=\"twitter:data1\" content=\"1 minute\" \/>\n<script type=\"application\/ld+json\" class=\"yoast-schema-graph\">{\"@context\":\"https:\\\/\\\/schema.org\",\"@graph\":[{\"@type\":\"WebPage\",\"@id\":\"https:\\\/\\\/clinicaesteticamar43.com\\\/contacta\\\/\",\"url\":\"https:\\\/\\\/clinicaesteticamar43.com\\\/contacta\\\/\",\"name\":\"Contacta - Cl\u00ednica Est\u00e9tica Mar 43 (Valencia)\",\"isPartOf\":{\"@id\":\"https:\\\/\\\/clinicaesteticamar43.com\\\/#website\"},\"datePublished\":\"2025-11-03T13:01:39+00:00\",\"dateModified\":\"2026-02-02T11:56:48+00:00\",\"breadcrumb\":{\"@id\":\"https:\\\/\\\/clinicaesteticamar43.com\\\/contacta\\\/#breadcrumb\"},\"inLanguage\":\"en-US\",\"potentialAction\":[{\"@type\":\"ReadAction\",\"target\":[\"https:\\\/\\\/clinicaesteticamar43.com\\\/contacta\\\/\"]}]},{\"@type\":\"BreadcrumbList\",\"@id\":\"https:\\\/\\\/clinicaesteticamar43.com\\\/contacta\\\/#breadcrumb\",\"itemListElement\":[{\"@type\":\"ListItem\",\"position\":1,\"name\":\"Portada\",\"item\":\"https:\\\/\\\/clinicaesteticamar43.com\\\/\"},{\"@type\":\"ListItem\",\"position\":2,\"name\":\"Contacta\"}]},{\"@type\":\"WebSite\",\"@id\":\"https:\\\/\\\/clinicaesteticamar43.com\\\/#website\",\"url\":\"https:\\\/\\\/clinicaesteticamar43.com\\\/\",\"name\":\"Cl\u00ednica Est\u00e9tica Mar 43 (Valencia)\",\"description\":\"Dermatolog\u00eda y Medicina Est\u00e9tica en el centro de Valencia (Espa\u00f1a)\",\"publisher\":{\"@id\":\"https:\\\/\\\/clinicaesteticamar43.com\\\/#organization\"},\"potentialAction\":[{\"@type\":\"SearchAction\",\"target\":{\"@type\":\"EntryPoint\",\"urlTemplate\":\"https:\\\/\\\/clinicaesteticamar43.com\\\/?s={search_term_string}\"},\"query-input\":{\"@type\":\"PropertyValueSpecification\",\"valueRequired\":true,\"valueName\":\"search_term_string\"}}],\"inLanguage\":\"en-US\"},{\"@type\":\"Organization\",\"@id\":\"https:\\\/\\\/clinicaesteticamar43.com\\\/#organization\",\"name\":\"Cl\u00ednica Est\u00e9tica Mar 43 (Valencia)\",\"url\":\"https:\\\/\\\/clinicaesteticamar43.com\\\/\",\"logo\":{\"@type\":\"ImageObject\",\"inLanguage\":\"en-US\",\"@id\":\"https:\\\/\\\/clinicaesteticamar43.com\\\/#\\\/schema\\\/logo\\\/image\\\/\",\"url\":\"https:\\\/\\\/clinicaesteticamar43.com\\\/wp-content\\\/uploads\\\/2025\\\/11\\\/logo.png\",\"contentUrl\":\"https:\\\/\\\/clinicaesteticamar43.com\\\/wp-content\\\/uploads\\\/2025\\\/11\\\/logo.png\",\"width\":180,\"height\":68,\"caption\":\"Cl\u00ednica Est\u00e9tica Mar 43 (Valencia)\"},\"image\":{\"@id\":\"https:\\\/\\\/clinicaesteticamar43.com\\\/#\\\/schema\\\/logo\\\/image\\\/\"}}]}<\/script>\n<!-- \/ Yoast SEO plugin. -->","yoast_head_json":{"title":"Contacta - Cl\u00ednica Est\u00e9tica Mar 43 (Valencia)","robots":{"index":"index","follow":"follow","max-snippet":"max-snippet:-1","max-image-preview":"max-image-preview:large","max-video-preview":"max-video-preview:-1"},"canonical":"https:\/\/clinicaesteticamar43.com\/en\/contacta\/","og_locale":"en_US","og_type":"article","og_title":"Contacta - Cl\u00ednica Est\u00e9tica Mar 43 (Valencia)","og_description":"Estamos aqu\u00ed para ayudarte Contacta con nuestra cl\u00ednica est\u00e9tica en Valencia Pide tu cita o consulta Hablemos sobre tu piel y tus objetivos Nuestro equipo estar\u00e1 encantado de asesorarte y recomendarte el tratamiento m\u00e1s adecuado para ti. Puedes escribirnos, llamarnos o visitarnos en nuestra cl\u00ednica. Te esperamos. Nuestra oficina C\/ Gobernador Viejo, 4 46003 Valencia [&hellip;]","og_url":"https:\/\/clinicaesteticamar43.com\/en\/contacta\/","og_site_name":"Cl\u00ednica Est\u00e9tica Mar 43 (Valencia)","article_modified_time":"2026-02-02T11:56:48+00:00","twitter_card":"summary_large_image","twitter_misc":{"Est. reading time":"1 minute"},"schema":{"@context":"https:\/\/schema.org","@graph":[{"@type":"WebPage","@id":"https:\/\/clinicaesteticamar43.com\/contacta\/","url":"https:\/\/clinicaesteticamar43.com\/contacta\/","name":"Contacta - Cl\u00ednica Est\u00e9tica Mar 43 (Valencia)","isPartOf":{"@id":"https:\/\/clinicaesteticamar43.com\/#website"},"datePublished":"2025-11-03T13:01:39+00:00","dateModified":"2026-02-02T11:56:48+00:00","breadcrumb":{"@id":"https:\/\/clinicaesteticamar43.com\/contacta\/#breadcrumb"},"inLanguage":"en-US","potentialAction":[{"@type":"ReadAction","target":["https:\/\/clinicaesteticamar43.com\/contacta\/"]}]},{"@type":"BreadcrumbList","@id":"https:\/\/clinicaesteticamar43.com\/contacta\/#breadcrumb","itemListElement":[{"@type":"ListItem","position":1,"name":"Portada","item":"https:\/\/clinicaesteticamar43.com\/"},{"@type":"ListItem","position":2,"name":"Contacta"}]},{"@type":"WebSite","@id":"https:\/\/clinicaesteticamar43.com\/#website","url":"https:\/\/clinicaesteticamar43.com\/","name":"Cl\u00ednica Est\u00e9tica Mar 43 (Valencia)","description":"Dermatolog\u00eda y Medicina Est\u00e9tica en el centro de Valencia (Espa\u00f1a)","publisher":{"@id":"https:\/\/clinicaesteticamar43.com\/#organization"},"potentialAction":[{"@type":"SearchAction","target":{"@type":"EntryPoint","urlTemplate":"https:\/\/clinicaesteticamar43.com\/?s={search_term_string}"},"query-input":{"@type":"PropertyValueSpecification","valueRequired":true,"valueName":"search_term_string"}}],"inLanguage":"en-US"},{"@type":"Organization","@id":"https:\/\/clinicaesteticamar43.com\/#organization","name":"Cl\u00ednica Est\u00e9tica Mar 43 (Valencia)","url":"https:\/\/clinicaesteticamar43.com\/","logo":{"@type":"ImageObject","inLanguage":"en-US","@id":"https:\/\/clinicaesteticamar43.com\/#\/schema\/logo\/image\/","url":"https:\/\/clinicaesteticamar43.com\/wp-content\/uploads\/2025\/11\/logo.png","contentUrl":"https:\/\/clinicaesteticamar43.com\/wp-content\/uploads\/2025\/11\/logo.png","width":180,"height":68,"caption":"Cl\u00ednica Est\u00e9tica Mar 43 (Valencia)"},"image":{"@id":"https:\/\/clinicaesteticamar43.com\/#\/schema\/logo\/image\/"}}]}},"_links":{"self":[{"href":"https:\/\/clinicaesteticamar43.com\/en\/wp-json\/wp\/v2\/pages\/38","targetHints":{"allow":["GET"]}}],"collection":[{"href":"https:\/\/clinicaesteticamar43.com\/en\/wp-json\/wp\/v2\/pages"}],"about":[{"href":"https:\/\/clinicaesteticamar43.com\/en\/wp-json\/wp\/v2\/types\/page"}],"author":[{"embeddable":true,"href":"https:\/\/clinicaesteticamar43.com\/en\/wp-json\/wp\/v2\/users\/2"}],"replies":[{"embeddable":true,"href":"https:\/\/clinicaesteticamar43.com\/en\/wp-json\/wp\/v2\/comments?post=38"}],"version-history":[{"count":16,"href":"https:\/\/clinicaesteticamar43.com\/en\/wp-json\/wp\/v2\/pages\/38\/revisions"}],"predecessor-version":[{"id":538,"href":"https:\/\/clinicaesteticamar43.com\/en\/wp-json\/wp\/v2\/pages\/38\/revisions\/538"}],"wp:attachment":[{"href":"https:\/\/clinicaesteticamar43.com\/en\/wp-json\/wp\/v2\/media?parent=38"}],"curies":[{"name":"wp","href":"https:\/\/api.w.org\/{rel}","templated":true}]}}