{"id":125,"date":"2025-11-04T15:56:27","date_gmt":"2025-11-04T14:56:27","guid":{"rendered":"https:\/\/clinicaesteticamar43.com\/?page_id=125"},"modified":"2026-02-02T12:54:26","modified_gmt":"2026-02-02T11:54:26","slug":"aviso-legal","status":"publish","type":"page","link":"https:\/\/clinicaesteticamar43.com\/en\/aviso-legal\/","title":{"rendered":"Aviso legal"},"content":{"rendered":"<div data-elementor-type=\"wp-page\" data-elementor-id=\"125\" class=\"elementor elementor-125\" data-elementor-post-type=\"page\">\n\t\t\t\t<div class=\"elementor-element elementor-element-8e33d44 e-flex e-con-boxed e-con e-parent\" data-id=\"8e33d44\" data-element_type=\"container\" data-e-type=\"container\" data-settings=\"{&quot;background_background&quot;:&quot;classic&quot;}\">\n\t\t\t\t\t<div class=\"e-con-inner\">\n\t\t<div class=\"elementor-element elementor-element-4108aab e-flex e-con-boxed e-con e-child\" data-id=\"4108aab\" data-element_type=\"container\" data-e-type=\"container\">\n\t\t\t\t\t<div class=\"e-con-inner\">\n\t\t\t\t\t<\/div>\n\t\t\t\t<\/div>\n\t\t\t\t\t<\/div>\n\t\t\t\t<\/div>\n\t\t<div class=\"elementor-element elementor-element-15ebb6e e-flex e-con-boxed e-con e-parent\" data-id=\"15ebb6e\" data-element_type=\"container\" data-e-type=\"container\">\n\t\t\t\t\t<div class=\"e-con-inner\">\n\t\t\t\t<div class=\"elementor-element elementor-element-3805d53 elementor-widget elementor-widget-text-editor\" data-id=\"3805d53\" data-element_type=\"widget\" data-e-type=\"widget\" data-widget_type=\"text-editor.default\">\n\t\t\t\t\t\t\t\t\t<h2><span style=\"font-weight: 400;\">I. INFORMACI\u00d3N GENERAL<\/span><\/h2><p><span style=\"font-weight: 400;\">En cumplimiento con el deber de informaci\u00f3n dispuesto en la Ley 34\/2002 de Servicios de la Sociedad de la Informaci\u00f3n y el Comercio Electr\u00f3nico (LSSI-CE) de 11 de julio, se facilitan a continuaci\u00f3n los siguientes datos de informaci\u00f3n general de este sitio web:<\/span><\/p><p><span style=\"font-weight: 400;\">La titularidad de este sitio web, <a href=\"https:\/\/clinicaesteticamar43.com\/en\/\">clinicaesteticamar43.com<\/a><\/span><span style=\"font-weight: 400;\">, (en adelante, Sitio Web) la ostenta: <\/span><span style=\"font-weight: 400;\">nombre-de-empresa<\/span><span style=\"font-weight: 400;\"> (en adelante El titular)<\/span><span style=\"font-weight: 400;\">, con NIF: <\/span><span style=\"font-weight: 400;\">nif-empresa<\/span><span style=\"font-weight: 400;\">, y cuyos datos de contacto son:<\/span><\/p><p><span style=\"font-weight: 400;\">Direcci\u00f3n: <\/span><span style=\"font-weight: 400;\">domicilio-empresa<\/span><\/p><p><span style=\"font-weight: 400;\">Tel\u00e9fono de contacto: <\/span><span style=\"font-weight: 400;\">telefono-empresa<\/span><\/p><p><span style=\"font-weight: 400;\">Email de contacto: <\/span><span style=\"font-weight: 400;\">email-empresa<\/span><\/p><h2><span style=\"font-weight: 400;\">II. T\u00c9RMINOS Y CONDICIONES GENERALES DE USO<\/span><\/h2><h4><span style=\"font-weight: 400;\">El objeto de las condiciones: El Sitio Web<\/span><\/h4><p><span style=\"font-weight: 400;\">El objeto de las presentes Condiciones Generales de Uso (en adelante, Condiciones) es regular el acceso y la utilizaci\u00f3n del Sitio Web. A los efectos de las presentes Condiciones se entender\u00e1 como Sitio Web: la apariencia externa de los interfaces de pantalla, tanto de forma est\u00e1tica como de forma din\u00e1mica, es decir, el \u00e1rbol de navegaci\u00f3n; y todos los elementos integrados tanto en los interfaces de pantalla como en el \u00e1rbol de navegaci\u00f3n (en adelante, Contenidos) y todos aquellos servicios o recursos en l\u00ednea que en su caso ofrezca a los Usuarios (en adelante, Servicios).<\/span><\/p><p><span style=\"font-weight: 400;\">El titular se reserva la facultad de modificar, en cualquier momento, y sin aviso previo, la presentaci\u00f3n y configuraci\u00f3n del Sitio Web y de los Contenidos y Servicios que en \u00e9l pudieran estar incorporados. El Usuario reconoce y acepta que en cualquier momento El titular pueda interrumpir, desactivar y\/o cancelar cualquiera de estos elementos que se integran en el Sitio Web o el acceso a los mismos.<\/span><\/p><p><span style=\"font-weight: 400;\">El acceso al Sitio Web por el Usuario tiene car\u00e1cter libre y, por regla general, es gratuito sin que el Usuario tenga que proporcionar una contraprestaci\u00f3n para poder disfrutar de ello, salvo en lo relativo al coste de conexi\u00f3n a trav\u00e9s de la red de telecomunicaciones suministrada por el proveedor de acceso que hubiere contratado el Usuario.<\/span><\/p><p><span style=\"font-weight: 400;\">La utilizaci\u00f3n de alguno de los Contenidos o Servicios del Sitio Web podr\u00e1 hacerse mediante la suscripci\u00f3n o registro previo del Usuario.<\/span><\/p><h4><span style=\"font-weight: 400;\">El Usuario<\/span><\/h4><p><span style=\"font-weight: 400;\">El acceso, la navegaci\u00f3n y uso del Sitio Web, confiere la condici\u00f3n de Usuario, por lo que se aceptan, desde que se inicia la navegaci\u00f3n por el Sitio Web, todas las Condiciones aqu\u00ed establecidas, as\u00ed como sus ulteriores modificaciones, sin perjuicio de la aplicaci\u00f3n de la correspondiente normativa legal de obligado cumplimiento seg\u00fan el caso. Dada la relevancia de lo anterior, se recomienda al Usuario leerlas cada vez que visite el Sitio Web.<\/span><\/p><p><span style=\"font-weight: 400;\">El Sitio Web de El titular proporciona gran diversidad de informaci\u00f3n, servicios y datos. El Usuario asume su responsabilidad para realizar un uso correcto del Sitio Web. Esta responsabilidad se extender\u00e1 a:<\/span><\/p><ul><li style=\"font-weight: 400;\" aria-level=\"1\"><span style=\"font-weight: 400;\">Un uso de la informaci\u00f3n, Contenidos y\/o Servicios y datos ofrecidos por El titular sin que sea contrario a lo dispuesto por las presentes Condiciones, la Ley, la moral o el orden p\u00fablico, o que de cualquier otro modo puedan suponer lesi\u00f3n de los derechos de terceros o del mismo funcionamiento del Sitio Web.<\/span><\/li><li style=\"font-weight: 400;\" aria-level=\"1\"><span style=\"font-weight: 400;\">La veracidad y licitud de las informaciones aportadas por el Usuario en los formularios extendidos por El titular para el acceso a ciertos Contenidos o Servicios ofrecidos por el Sitio Web. En todo caso, el Usuario notificar\u00e1 de forma inmediata a El titular acerca de cualquier hecho que permita el uso indebido de la informaci\u00f3n registrada en dichos formularios, tales como, pero no s\u00f3lo, el robo, extrav\u00edo, o el acceso no autorizado a identificadores y\/o contrase\u00f1as, con el fin de proceder a su inmediata cancelaci\u00f3n.<\/span><\/li><\/ul><p><span style=\"font-weight: 400;\">El mero acceso a este Sitio Web no supone entablar ning\u00fan tipo de relaci\u00f3n de car\u00e1cter comercial entre El titular y el Usuario.<\/span><\/p><p><span style=\"font-weight: 400;\">El Usuario declara ser mayor de edad y disponer de la capacidad jur\u00eddica suficiente para vincularse por las presentes Condiciones. Por lo tanto, este Sitio Web de El titular no se dirige a menores de edad. El titular declina cualquier responsabilidad por el incumplimiento de este requisito.<\/span><\/p><h2><span style=\"font-weight: 400;\">III. ACCESO Y NAVEGACI\u00d3N EN EL SITIO WEB: EXCLUSI\u00d3N DE GARANT\u00cdAS Y RESPONSABILIDAD<\/span><\/h2><p><span style=\"font-weight: 400;\">El titular no garantiza la continuidad, disponibilidad y utilidad del Sitio Web, ni de los Contenidos o Servicios. El titular har\u00e1 todo lo posible por el buen funcionamiento del Sitio Web, sin embargo, no se responsabiliza ni garantiza que el acceso a este Sitio Web no vaya a ser ininterrumpido o que est\u00e9 libre de error.<\/span><\/p><p><span style=\"font-weight: 400;\">Tampoco se responsabiliza o garantiza que el contenido o software al que pueda accederse a trav\u00e9s de este Sitio Web, est\u00e9 libre de error o cause un da\u00f1o al sistema inform\u00e1tico (software y hardware) del Usuario. En ning\u00fan caso El titular ser\u00e1 responsable por las p\u00e9rdidas, da\u00f1os o perjuicios de cualquier tipo que surjan por el acceso, navegaci\u00f3n y el uso del Sitio Web, incluy\u00e9ndose, pero no limit\u00e1ndose, a los ocasionados a los sistemas inform\u00e1ticos o los provocados por la introducci\u00f3n de virus.<\/span><\/p><p><span style=\"font-weight: 400;\">El titular tampoco se hace responsable de los da\u00f1os que pudiesen ocasionarse a los usuarios por un uso inadecuado de este Sitio Web. En particular, no se hace responsable en modo alguno de las ca\u00eddas, interrupciones, falta o defecto de las telecomunicaciones que pudieran ocurrir.<\/span><\/p><h2><span style=\"font-weight: 400;\">IV. POL\u00cdTICA DE ENLACES<\/span><\/h2><p><span style=\"font-weight: 400;\">Se informa que el Sitio Web de El titular pone o puede poner a disposici\u00f3n de los Usuarios medios de enlace (como, entre otros, links, banners, botones), directorios y motores de b\u00fasqueda que permiten a los Usuarios acceder a sitios web pertenecientes y\/o gestionados por terceros.<\/span><\/p><p><span style=\"font-weight: 400;\">La instalaci\u00f3n de estos enlaces, directorios y motores de b\u00fasqueda en el Sitio Web tiene por objeto facilitar a los Usuarios la b\u00fasqueda de y acceso a la informaci\u00f3n disponible en Internet, sin que pueda considerarse una sugerencia, recomendaci\u00f3n o invitaci\u00f3n para la visita de los mismos.<\/span><\/p><p><span style=\"font-weight: 400;\">El titular no ofrece ni comercializa por s\u00ed ni por medio de terceros los productos y\/o servicios disponibles en dichos sitios enlazados.<\/span><\/p><p><span style=\"font-weight: 400;\">El titular ofrece contenidos patrocinados, anuncios y\/o enlaces de afiliados. La informaci\u00f3n que aparece en estos enlaces de afiliados o los anuncios insertados, son facilitados por los propios anunciantes, por lo que El titular no se hace responsable de posibles inexactitudes o errores que pudieran contener los anuncios, ni garantiza en modo alguno la experiencia, integridad o responsabilidad de los anunciantes o la calidad de sus productos y\/o servicios.<\/span><\/p><p><span style=\"font-weight: 400;\">Asimismo, tampoco garantizar\u00e1 la disponibilidad t\u00e9cnica, exactitud, veracidad, validez o legalidad de sitios ajenos a su propiedad a los que se pueda acceder por medio de los enlaces.<\/span><\/p><p><span style=\"font-weight: 400;\">El titular en ning\u00fan caso revisar\u00e1 o controlar\u00e1 el contenido de otros sitios web, as\u00ed como tampoco aprueba, examina ni hace propios los productos y servicios, contenidos, archivos y cualquier otro material existente en los referidos sitios enlazados.<\/span><\/p><p><span style=\"font-weight: 400;\">El titular no asume ninguna responsabilidad por los da\u00f1os y perjuicios que pudieran producirse por el acceso, uso, calidad o licitud de los contenidos, comunicaciones, opiniones, productos y servicios de los sitios web no gestionados por El titular y que sean enlazados en este Sitio Web.<\/span><\/p><p><span style=\"font-weight: 400;\">El Usuario o tercero que realice un hiperv\u00ednculo desde una p\u00e1gina web de otro, distinto, sitio web al Sitio Web de El titular deber\u00e1 saber que:<\/span><\/p><p><span style=\"font-weight: 400;\">No se permite la reproducci\u00f3n \u2014total o parcialmente\u2014 de ninguno de los Contenidos y\/o Servicios del Sitio Web sin autorizaci\u00f3n expresa de El titular.<\/span><\/p><p><span style=\"font-weight: 400;\">No se permite tampoco ninguna manifestaci\u00f3n falsa, inexacta o incorrecta sobre el Sitio Web de El titular, ni sobre los Contenidos y\/o Servicios del mismo.<\/span><\/p><p><span style=\"font-weight: 400;\">A excepci\u00f3n del hiperv\u00ednculo, el sitio web en el que se establezca dicho hiperenlace no contendr\u00e1 ning\u00fan elemento, de este Sitio Web, protegido como propiedad intelectual por el ordenamiento jur\u00eddico espa\u00f1ol, salvo autorizaci\u00f3n expresa de El titular.<\/span><\/p><p><span style=\"font-weight: 400;\">El establecimiento del hiperv\u00ednculo no implicar\u00e1 la existencia de relaciones entre El titular y el titular del sitio web desde el cual se realice, ni el conocimiento y aceptaci\u00f3n de El titular de los contenidos, servicios y\/o actividades ofrecidos en dicho sitio web, y viceversa.<\/span><\/p><h2><span style=\"font-weight: 400;\">V. PROPIEDAD INTELECTUAL E INDUSTRIAL<\/span><\/h2><p><span style=\"font-weight: 400;\">El titular por s\u00ed o como parte cesionaria, es titular de todos los derechos de propiedad intelectual e industrial del Sitio Web, as\u00ed como de los elementos contenidos en el mismo (a t\u00edtulo enunciativo y no exhaustivo, im\u00e1genes, sonido, audio, v\u00eddeo, software o textos, marcas o logotipos, combinaciones de colores, estructura y dise\u00f1o, selecci\u00f3n de materiales usados, programas de ordenador necesarios para su funcionamiento, acceso y uso, etc.). Ser\u00e1n, por consiguiente, obras protegidas como propiedad intelectual por el ordenamiento jur\u00eddico espa\u00f1ol, si\u00e9ndoles aplicables tanto la normativa espa\u00f1ola y comunitaria en este campo, como los tratados internacionales relativos a la materia y suscritos por Espa\u00f1a.<\/span><\/p><p><span style=\"font-weight: 400;\">Todos los derechos reservados. En virtud de lo dispuesto en la Ley de Propiedad Intelectual, quedan expresamente prohibidas la reproducci\u00f3n, la distribuci\u00f3n y la comunicaci\u00f3n p\u00fablica, incluida su modalidad de puesta a disposici\u00f3n, de la totalidad o parte de los contenidos de esta p\u00e1gina web, con fines comerciales, en cualquier soporte y por cualquier medio t\u00e9cnico, sin la autorizaci\u00f3n de El titular.<\/span><\/p><p><span style=\"font-weight: 400;\">El Usuario se compromete a respetar los derechos de propiedad intelectual e industrial de El titular. Podr\u00e1 visualizar los elementos del Sitio Web o incluso imprimirlos, copiarlos y almacenarlos en el disco duro de su ordenador o en cualquier otro soporte f\u00edsico siempre y cuando sea, exclusivamente, para su uso personal. El Usuario, sin embargo, no podr\u00e1 suprimir, alterar, o manipular cualquier dispositivo de protecci\u00f3n o sistema de seguridad que estuviera instalado en el Sitio Web.<\/span><\/p><p><span style=\"font-weight: 400;\">En caso de que el Usuario o tercero considere que cualquiera de los Contenidos del Sitio Web suponga una violaci\u00f3n de los derechos de protecci\u00f3n de la propiedad intelectual, deber\u00e1 comunicarlo inmediatamente a El titular a trav\u00e9s de los datos de contacto del apartado de INFORMACI\u00d3N GENERAL de este Aviso Legal y Condiciones Generales de Uso.<\/span><\/p><h2><span style=\"font-weight: 400;\">VI. ACCIONES LEGALES, LEGISLACI\u00d3N APLICABLE Y JURISDICCI\u00d3N<\/span><\/h2><p><span style=\"font-weight: 400;\">El titular se reserva la facultad de presentar las acciones civiles o penales que considere necesarias por la utilizaci\u00f3n indebida del Sitio Web y Contenidos, o por el incumplimiento de las presentes Condiciones.<\/span><\/p><p><span style=\"font-weight: 400;\">La relaci\u00f3n entre el Usuario y El titular se regir\u00e1 por la normativa vigente y de aplicaci\u00f3n en el territorio espa\u00f1ol. De surgir cualquier controversia en relaci\u00f3n con la interpretaci\u00f3n y\/o a la aplicaci\u00f3n de estas Condiciones las partes someter\u00e1n sus conflictos a la jurisdicci\u00f3n ordinaria someti\u00e9ndose a los jueces y tribunales que correspondan conforme a derecho.<\/span><\/p>\t\t\t\t\t\t\t\t<\/div>\n\t\t\t\t\t<\/div>\n\t\t\t\t<\/div>\n\t\t\t\t<\/div>","protected":false},"excerpt":{"rendered":"<p>I. INFORMACI\u00d3N GENERAL En cumplimiento con el deber de informaci\u00f3n dispuesto en la Ley 34\/2002 de Servicios de la Sociedad de la Informaci\u00f3n y el Comercio Electr\u00f3nico (LSSI-CE) de 11 de julio, se facilitan a continuaci\u00f3n los siguientes datos de informaci\u00f3n general de este sitio web: La titularidad de este sitio web, clinicaesteticamar43.com, (en adelante, [&hellip;]<\/p>\n","protected":false},"author":2,"featured_media":0,"parent":0,"menu_order":0,"comment_status":"closed","ping_status":"closed","template":"","meta":{"footnotes":""},"class_list":["post-125","page","type-page","status-publish","hentry"],"yoast_head":"<!-- This site is optimized with the Yoast SEO plugin v27.3 - https:\/\/yoast.com\/product\/yoast-seo-wordpress\/ -->\n<title>Aviso legal - Cl\u00ednica Est\u00e9tica Mar 43 (Valencia)<\/title>\n<meta name=\"robots\" content=\"index, follow, max-snippet:-1, max-image-preview:large, max-video-preview:-1\" \/>\n<link rel=\"canonical\" href=\"https:\/\/clinicaesteticamar43.com\/en\/aviso-legal\/\" \/>\n<meta property=\"og:locale\" content=\"en_US\" \/>\n<meta property=\"og:type\" content=\"article\" \/>\n<meta property=\"og:title\" content=\"Aviso legal - Cl\u00ednica Est\u00e9tica Mar 43 (Valencia)\" \/>\n<meta property=\"og:description\" content=\"I. INFORMACI\u00d3N GENERAL En cumplimiento con el deber de informaci\u00f3n dispuesto en la Ley 34\/2002 de Servicios de la Sociedad de la Informaci\u00f3n y el Comercio Electr\u00f3nico (LSSI-CE) de 11 de julio, se facilitan a continuaci\u00f3n los siguientes datos de informaci\u00f3n general de este sitio web: La titularidad de este sitio web, clinicaesteticamar43.com, (en adelante, [&hellip;]\" \/>\n<meta property=\"og:url\" content=\"https:\/\/clinicaesteticamar43.com\/en\/aviso-legal\/\" \/>\n<meta property=\"og:site_name\" content=\"Cl\u00ednica Est\u00e9tica Mar 43 (Valencia)\" \/>\n<meta property=\"article:modified_time\" content=\"2026-02-02T11:54:26+00:00\" \/>\n<meta name=\"twitter:card\" content=\"summary_large_image\" \/>\n<meta name=\"twitter:label1\" content=\"Est. reading time\" \/>\n\t<meta name=\"twitter:data1\" content=\"8 minutes\" \/>\n<script type=\"application\/ld+json\" class=\"yoast-schema-graph\">{\"@context\":\"https:\\\/\\\/schema.org\",\"@graph\":[{\"@type\":\"WebPage\",\"@id\":\"https:\\\/\\\/clinicaesteticamar43.com\\\/aviso-legal\\\/\",\"url\":\"https:\\\/\\\/clinicaesteticamar43.com\\\/aviso-legal\\\/\",\"name\":\"Aviso legal - Cl\u00ednica Est\u00e9tica Mar 43 (Valencia)\",\"isPartOf\":{\"@id\":\"https:\\\/\\\/clinicaesteticamar43.com\\\/#website\"},\"datePublished\":\"2025-11-04T14:56:27+00:00\",\"dateModified\":\"2026-02-02T11:54:26+00:00\",\"breadcrumb\":{\"@id\":\"https:\\\/\\\/clinicaesteticamar43.com\\\/aviso-legal\\\/#breadcrumb\"},\"inLanguage\":\"en-US\",\"potentialAction\":[{\"@type\":\"ReadAction\",\"target\":[\"https:\\\/\\\/clinicaesteticamar43.com\\\/aviso-legal\\\/\"]}]},{\"@type\":\"BreadcrumbList\",\"@id\":\"https:\\\/\\\/clinicaesteticamar43.com\\\/aviso-legal\\\/#breadcrumb\",\"itemListElement\":[{\"@type\":\"ListItem\",\"position\":1,\"name\":\"Portada\",\"item\":\"https:\\\/\\\/clinicaesteticamar43.com\\\/\"},{\"@type\":\"ListItem\",\"position\":2,\"name\":\"Aviso legal\"}]},{\"@type\":\"WebSite\",\"@id\":\"https:\\\/\\\/clinicaesteticamar43.com\\\/#website\",\"url\":\"https:\\\/\\\/clinicaesteticamar43.com\\\/\",\"name\":\"Cl\u00ednica Est\u00e9tica Mar 43 (Valencia)\",\"description\":\"Dermatolog\u00eda y Medicina Est\u00e9tica en el centro de Valencia (Espa\u00f1a)\",\"publisher\":{\"@id\":\"https:\\\/\\\/clinicaesteticamar43.com\\\/#organization\"},\"potentialAction\":[{\"@type\":\"SearchAction\",\"target\":{\"@type\":\"EntryPoint\",\"urlTemplate\":\"https:\\\/\\\/clinicaesteticamar43.com\\\/?s={search_term_string}\"},\"query-input\":{\"@type\":\"PropertyValueSpecification\",\"valueRequired\":true,\"valueName\":\"search_term_string\"}}],\"inLanguage\":\"en-US\"},{\"@type\":\"Organization\",\"@id\":\"https:\\\/\\\/clinicaesteticamar43.com\\\/#organization\",\"name\":\"Cl\u00ednica Est\u00e9tica Mar 43 (Valencia)\",\"url\":\"https:\\\/\\\/clinicaesteticamar43.com\\\/\",\"logo\":{\"@type\":\"ImageObject\",\"inLanguage\":\"en-US\",\"@id\":\"https:\\\/\\\/clinicaesteticamar43.com\\\/#\\\/schema\\\/logo\\\/image\\\/\",\"url\":\"https:\\\/\\\/clinicaesteticamar43.com\\\/wp-content\\\/uploads\\\/2025\\\/11\\\/logo.png\",\"contentUrl\":\"https:\\\/\\\/clinicaesteticamar43.com\\\/wp-content\\\/uploads\\\/2025\\\/11\\\/logo.png\",\"width\":180,\"height\":68,\"caption\":\"Cl\u00ednica Est\u00e9tica Mar 43 (Valencia)\"},\"image\":{\"@id\":\"https:\\\/\\\/clinicaesteticamar43.com\\\/#\\\/schema\\\/logo\\\/image\\\/\"}}]}<\/script>\n<!-- \/ Yoast SEO plugin. -->","yoast_head_json":{"title":"Aviso legal - Cl\u00ednica Est\u00e9tica Mar 43 (Valencia)","robots":{"index":"index","follow":"follow","max-snippet":"max-snippet:-1","max-image-preview":"max-image-preview:large","max-video-preview":"max-video-preview:-1"},"canonical":"https:\/\/clinicaesteticamar43.com\/en\/aviso-legal\/","og_locale":"en_US","og_type":"article","og_title":"Aviso legal - Cl\u00ednica Est\u00e9tica Mar 43 (Valencia)","og_description":"I. INFORMACI\u00d3N GENERAL En cumplimiento con el deber de informaci\u00f3n dispuesto en la Ley 34\/2002 de Servicios de la Sociedad de la Informaci\u00f3n y el Comercio Electr\u00f3nico (LSSI-CE) de 11 de julio, se facilitan a continuaci\u00f3n los siguientes datos de informaci\u00f3n general de este sitio web: La titularidad de este sitio web, clinicaesteticamar43.com, (en adelante, [&hellip;]","og_url":"https:\/\/clinicaesteticamar43.com\/en\/aviso-legal\/","og_site_name":"Cl\u00ednica Est\u00e9tica Mar 43 (Valencia)","article_modified_time":"2026-02-02T11:54:26+00:00","twitter_card":"summary_large_image","twitter_misc":{"Est. reading time":"8 minutes"},"schema":{"@context":"https:\/\/schema.org","@graph":[{"@type":"WebPage","@id":"https:\/\/clinicaesteticamar43.com\/aviso-legal\/","url":"https:\/\/clinicaesteticamar43.com\/aviso-legal\/","name":"Aviso legal - Cl\u00ednica Est\u00e9tica Mar 43 (Valencia)","isPartOf":{"@id":"https:\/\/clinicaesteticamar43.com\/#website"},"datePublished":"2025-11-04T14:56:27+00:00","dateModified":"2026-02-02T11:54:26+00:00","breadcrumb":{"@id":"https:\/\/clinicaesteticamar43.com\/aviso-legal\/#breadcrumb"},"inLanguage":"en-US","potentialAction":[{"@type":"ReadAction","target":["https:\/\/clinicaesteticamar43.com\/aviso-legal\/"]}]},{"@type":"BreadcrumbList","@id":"https:\/\/clinicaesteticamar43.com\/aviso-legal\/#breadcrumb","itemListElement":[{"@type":"ListItem","position":1,"name":"Portada","item":"https:\/\/clinicaesteticamar43.com\/"},{"@type":"ListItem","position":2,"name":"Aviso legal"}]},{"@type":"WebSite","@id":"https:\/\/clinicaesteticamar43.com\/#website","url":"https:\/\/clinicaesteticamar43.com\/","name":"Cl\u00ednica Est\u00e9tica Mar 43 (Valencia)","description":"Dermatolog\u00eda y Medicina Est\u00e9tica en el centro de Valencia (Espa\u00f1a)","publisher":{"@id":"https:\/\/clinicaesteticamar43.com\/#organization"},"potentialAction":[{"@type":"SearchAction","target":{"@type":"EntryPoint","urlTemplate":"https:\/\/clinicaesteticamar43.com\/?s={search_term_string}"},"query-input":{"@type":"PropertyValueSpecification","valueRequired":true,"valueName":"search_term_string"}}],"inLanguage":"en-US"},{"@type":"Organization","@id":"https:\/\/clinicaesteticamar43.com\/#organization","name":"Cl\u00ednica Est\u00e9tica Mar 43 (Valencia)","url":"https:\/\/clinicaesteticamar43.com\/","logo":{"@type":"ImageObject","inLanguage":"en-US","@id":"https:\/\/clinicaesteticamar43.com\/#\/schema\/logo\/image\/","url":"https:\/\/clinicaesteticamar43.com\/wp-content\/uploads\/2025\/11\/logo.png","contentUrl":"https:\/\/clinicaesteticamar43.com\/wp-content\/uploads\/2025\/11\/logo.png","width":180,"height":68,"caption":"Cl\u00ednica Est\u00e9tica Mar 43 (Valencia)"},"image":{"@id":"https:\/\/clinicaesteticamar43.com\/#\/schema\/logo\/image\/"}}]}},"_links":{"self":[{"href":"https:\/\/clinicaesteticamar43.com\/en\/wp-json\/wp\/v2\/pages\/125","targetHints":{"allow":["GET"]}}],"collection":[{"href":"https:\/\/clinicaesteticamar43.com\/en\/wp-json\/wp\/v2\/pages"}],"about":[{"href":"https:\/\/clinicaesteticamar43.com\/en\/wp-json\/wp\/v2\/types\/page"}],"author":[{"embeddable":true,"href":"https:\/\/clinicaesteticamar43.com\/en\/wp-json\/wp\/v2\/users\/2"}],"replies":[{"embeddable":true,"href":"https:\/\/clinicaesteticamar43.com\/en\/wp-json\/wp\/v2\/comments?post=125"}],"version-history":[{"count":16,"href":"https:\/\/clinicaesteticamar43.com\/en\/wp-json\/wp\/v2\/pages\/125\/revisions"}],"predecessor-version":[{"id":535,"href":"https:\/\/clinicaesteticamar43.com\/en\/wp-json\/wp\/v2\/pages\/125\/revisions\/535"}],"wp:attachment":[{"href":"https:\/\/clinicaesteticamar43.com\/en\/wp-json\/wp\/v2\/media?parent=125"}],"curies":[{"name":"wp","href":"https:\/\/api.w.org\/{rel}","templated":true}]}}